{"id":763,"date":"2021-03-24T17:06:40","date_gmt":"2021-03-24T16:06:40","guid":{"rendered":"https:\/\/lawiwa.com\/x_impressum-en\/"},"modified":"2025-07-14T11:11:01","modified_gmt":"2025-07-14T09:11:01","slug":"x_impressum-en","status":"publish","type":"page","link":"https:\/\/lawiwa.com\/en\/x_impressum-en\/","title":{"rendered":"x_Impressum EN"},"content":{"rendered":"\t\t<div data-elementor-type=\"wp-page\" data-elementor-id=\"763\" class=\"elementor elementor-763 elementor-414\" data-elementor-post-type=\"page\">\n\t\t\t\t\t\t<section class=\"elementor-section elementor-top-section elementor-element elementor-element-a172b84 elementor-section-boxed elementor-section-height-default elementor-section-height-default\" data-id=\"a172b84\" data-element_type=\"section\" data-settings=\"{&quot;background_background&quot;:&quot;classic&quot;}\">\n\t\t\t\t\t\t\t<div class=\"elementor-background-overlay\"><\/div>\n\t\t\t\t\t\t\t<div class=\"elementor-container elementor-column-gap-default\">\n\t\t\t\t\t<div class=\"elementor-column elementor-col-100 elementor-top-column elementor-element elementor-element-0153f1b\" data-id=\"0153f1b\" data-element_type=\"column\">\n\t\t\t<div class=\"elementor-widget-wrap elementor-element-populated\">\n\t\t\t\t\t\t<div class=\"elementor-element elementor-element-a34da1c elementor-widget elementor-widget-heading\" data-id=\"a34da1c\" data-element_type=\"widget\" data-widget_type=\"heading.default\">\n\t\t\t\t<div class=\"elementor-widget-container\">\n\t\t\t<h2 class=\"elementor-heading-title elementor-size-default\">Impressum<\/h2>\t\t<\/div>\n\t\t\t\t<\/div>\n\t\t\t\t\t<\/div>\n\t\t<\/div>\n\t\t\t\t\t<\/div>\n\t\t<\/section>\n\t\t\t\t<section class=\"elementor-section elementor-top-section elementor-element elementor-element-d703d61 elementor-section-boxed elementor-section-height-default elementor-section-height-default\" data-id=\"d703d61\" data-element_type=\"section\">\n\t\t\t\t\t\t<div class=\"elementor-container elementor-column-gap-default\">\n\t\t\t\t\t<div class=\"elementor-column elementor-col-100 elementor-top-column elementor-element elementor-element-5b7290c\" data-id=\"5b7290c\" data-element_type=\"column\">\n\t\t\t<div class=\"elementor-widget-wrap elementor-element-populated\">\n\t\t\t\t\t\t<div class=\"elementor-element elementor-element-75bff1f elementor-widget elementor-widget-text-editor\" data-id=\"75bff1f\" data-element_type=\"widget\" data-widget_type=\"text-editor.default\">\n\t\t\t\t<div class=\"elementor-widget-container\">\n\t\t\t\t\t\t\t<p>Gesch\u00e4ftsbezeichnung Lawiwa<br \/>\nInhaber Magdalena Pirker<br \/>\nAnschrift Dellach 59, 9063 Maria Saal, \u00d6sterreich<br \/>\nUnternehmensgegenstand Handel mit Baustoffen<\/p>\n<p>Telefon +43 664 xxx<br \/>\nE-Mail office@lawiwa.at<br \/>\nWebseite www.lawiwa.at<\/p>\n<p>UID-Nummer ATU73405068<br \/>\nFirmenbuchnummer 492980x<\/p>\n<p>Kammerzugeh\u00f6rigkeit Mitglied der Wirtschaftskammer \u00d6sterreich<br \/>\nAufsichtsbeh\u00f6rde XXXXXXXXXXXXXXXX<br \/>\nAnwendbare Rechtsvorschriften Gewerbeordnung (abrufbar unter www.ris.bka.gv.at\/bundesrecht)<br \/>\nOnline-Streitbeilegungsplattform \u2013 Verbraucher haben die M\u00f6glichkeit, Beschwerden an die Online-Streitbeilegungsplattform der EU zu richten: http:\/\/ec.europa.eu\/odr. Sie k\u00f6nnen Ihre Beschwerde auch direkt bei uns unter folgender E-Mail-Adresse einbringen: office@stuck-marketing.at<\/p>\n<p>Gerichtsstand Landesgericht Klagenfurt als Handelsgericht<br \/>\nGrafik-Design STUCK Marketing, Shutterstock<\/p>\n<p>\u00a9 Copyright \u2013 Lawiwa<br \/>\nAlle Rechte vorbehalten. Diese Webseite ist urheberrechtlich gesch\u00fctzt.<\/p>\n<p>Kein Teil dieser Webseite und der angegliederten Webseiten darf in irgendeiner Form oder auf irgendeine Art ohne die vorherige Genehmigung von Der Wasserwirt \u2013 Projektmanagement GmbH reproduziert werden. Jede vollst\u00e4ndige oder teilweise unerlaubte Reproduktion dieser Webseite und angegliederter Webseiten kann eine ernsthafte zivil- und strafrechtliche Verfolgung nach sich ziehen, wobei die gesetzlich vorgesehenen H\u00f6chststrafen zur Anwendung kommen k\u00f6nnen.<\/p>\n\t\t\t\t\t\t<\/div>\n\t\t\t\t<\/div>\n\t\t\t\t<div class=\"elementor-element elementor-element-45c472b elementor-widget elementor-widget-spacer\" data-id=\"45c472b\" data-element_type=\"widget\" data-widget_type=\"spacer.default\">\n\t\t\t\t<div class=\"elementor-widget-container\">\n\t\t\t\t\t<div class=\"elementor-spacer\">\n\t\t\t<div class=\"elementor-spacer-inner\"><\/div>\n\t\t<\/div>\n\t\t\t\t<\/div>\n\t\t\t\t<\/div>\n\t\t\t\t\t<\/div>\n\t\t<\/div>\n\t\t\t\t\t<\/div>\n\t\t<\/section>\n\t\t\t\t<\/div>\n\t\t","protected":false},"excerpt":{"rendered":"<p>Impressum Gesch\u00e4ftsbezeichnung Lawiwa Inhaber Magdalena Pirker Anschrift Dellach 59, 9063 Maria Saal, \u00d6sterreich Unternehmensgegenstand Handel mit Baustoffen Telefon +43 664 xxx E-Mail office@lawiwa.at Webseite www.lawiwa.at UID-Nummer ATU73405068 Firmenbuchnummer 492980x Kammerzugeh\u00f6rigkeit Mitglied der Wirtschaftskammer \u00d6sterreich Aufsichtsbeh\u00f6rde XXXXXXXXXXXXXXXX Anwendbare Rechtsvorschriften Gewerbeordnung (abrufbar unter www.ris.bka.gv.at\/bundesrecht) Online-Streitbeilegungsplattform \u2013 Verbraucher haben die M\u00f6glichkeit, Beschwerden an die Online-Streitbeilegungsplattform der EU zu [&hellip;]<\/p>\n","protected":false},"author":1,"featured_media":0,"parent":0,"menu_order":0,"comment_status":"closed","ping_status":"closed","template":"elementor_header_footer","meta":{"footnotes":""},"yoast_head":"<!-- This site is optimized with the Yoast SEO plugin v22.4 - https:\/\/yoast.com\/wordpress\/plugins\/seo\/ -->\n<title>Impressum - Lawiwa<\/title>\n<meta name=\"robots\" content=\"noindex, follow\" \/>\n<meta property=\"og:locale\" content=\"en_US\" \/>\n<meta property=\"og:type\" content=\"article\" \/>\n<meta property=\"og:title\" content=\"Impressum - Lawiwa\" \/>\n<meta property=\"og:description\" content=\"Impressum Gesch\u00e4ftsbezeichnung Lawiwa Inhaber Magdalena Pirker Anschrift Dellach 59, 9063 Maria Saal, \u00d6sterreich Unternehmensgegenstand Handel mit Baustoffen Telefon +43 664 xxx E-Mail office@lawiwa.at Webseite www.lawiwa.at UID-Nummer ATU73405068 Firmenbuchnummer 492980x Kammerzugeh\u00f6rigkeit Mitglied der Wirtschaftskammer \u00d6sterreich Aufsichtsbeh\u00f6rde XXXXXXXXXXXXXXXX Anwendbare Rechtsvorschriften Gewerbeordnung (abrufbar unter www.ris.bka.gv.at\/bundesrecht) Online-Streitbeilegungsplattform \u2013 Verbraucher haben die M\u00f6glichkeit, Beschwerden an die Online-Streitbeilegungsplattform der EU zu [&hellip;]\" \/>\n<meta property=\"og:url\" content=\"https:\/\/lawiwa.com\/en\/x_impressum-en\/\" \/>\n<meta property=\"og:site_name\" content=\"Lawiwa\" \/>\n<meta property=\"article:modified_time\" content=\"2025-07-14T09:11:01+00:00\" \/>\n<meta name=\"twitter:card\" content=\"summary_large_image\" \/>\n<meta name=\"twitter:label1\" content=\"Est. reading time\" \/>\n\t<meta name=\"twitter:data1\" content=\"1 minute\" \/>\n<script type=\"application\/ld+json\" class=\"yoast-schema-graph\">{\"@context\":\"https:\/\/schema.org\",\"@graph\":[{\"@type\":\"WebPage\",\"@id\":\"https:\/\/lawiwa.com\/en\/x_impressum-en\/\",\"url\":\"https:\/\/lawiwa.com\/en\/x_impressum-en\/\",\"name\":\"Impressum - Lawiwa\",\"isPartOf\":{\"@id\":\"https:\/\/lawiwa.com\/en\/#website\"},\"datePublished\":\"2021-03-24T16:06:40+00:00\",\"dateModified\":\"2025-07-14T09:11:01+00:00\",\"breadcrumb\":{\"@id\":\"https:\/\/lawiwa.com\/en\/x_impressum-en\/#breadcrumb\"},\"inLanguage\":\"en-US\",\"potentialAction\":[{\"@type\":\"ReadAction\",\"target\":[\"https:\/\/lawiwa.com\/en\/x_impressum-en\/\"]}]},{\"@type\":\"BreadcrumbList\",\"@id\":\"https:\/\/lawiwa.com\/en\/x_impressum-en\/#breadcrumb\",\"itemListElement\":[{\"@type\":\"ListItem\",\"position\":1,\"name\":\"Startseite\",\"item\":\"https:\/\/lawiwa.com\/en\/home\/\"},{\"@type\":\"ListItem\",\"position\":2,\"name\":\"x_Impressum EN\"}]},{\"@type\":\"WebSite\",\"@id\":\"https:\/\/lawiwa.com\/en\/#website\",\"url\":\"https:\/\/lawiwa.com\/en\/\",\"name\":\"Lawiwa\",\"description\":\"Wir verbinden Landwirtschaft und Wasser\",\"publisher\":{\"@id\":\"https:\/\/lawiwa.com\/en\/#organization\"},\"potentialAction\":[{\"@type\":\"SearchAction\",\"target\":{\"@type\":\"EntryPoint\",\"urlTemplate\":\"https:\/\/lawiwa.com\/en\/?s={search_term_string}\"},\"query-input\":\"required name=search_term_string\"}],\"inLanguage\":\"en-US\"},{\"@type\":\"Organization\",\"@id\":\"https:\/\/lawiwa.com\/en\/#organization\",\"name\":\"Lawiwa\",\"url\":\"https:\/\/lawiwa.com\/en\/\",\"logo\":{\"@type\":\"ImageObject\",\"inLanguage\":\"en-US\",\"@id\":\"https:\/\/lawiwa.com\/en\/#\/schema\/logo\/image\/\",\"url\":\"https:\/\/lawiwa.com\/wp-content\/uploads\/2021\/02\/cropped-Logo-Lawiwa.png\",\"contentUrl\":\"https:\/\/lawiwa.com\/wp-content\/uploads\/2021\/02\/cropped-Logo-Lawiwa.png\",\"width\":800,\"height\":351,\"caption\":\"Lawiwa\"},\"image\":{\"@id\":\"https:\/\/lawiwa.com\/en\/#\/schema\/logo\/image\/\"}}]}<\/script>\n<!-- \/ Yoast SEO plugin. -->","yoast_head_json":{"title":"Impressum - Lawiwa","robots":{"index":"noindex","follow":"follow"},"og_locale":"en_US","og_type":"article","og_title":"Impressum - Lawiwa","og_description":"Impressum Gesch\u00e4ftsbezeichnung Lawiwa Inhaber Magdalena Pirker Anschrift Dellach 59, 9063 Maria Saal, \u00d6sterreich Unternehmensgegenstand Handel mit Baustoffen Telefon +43 664 xxx E-Mail office@lawiwa.at Webseite www.lawiwa.at UID-Nummer ATU73405068 Firmenbuchnummer 492980x Kammerzugeh\u00f6rigkeit Mitglied der Wirtschaftskammer \u00d6sterreich Aufsichtsbeh\u00f6rde XXXXXXXXXXXXXXXX Anwendbare Rechtsvorschriften Gewerbeordnung (abrufbar unter www.ris.bka.gv.at\/bundesrecht) Online-Streitbeilegungsplattform \u2013 Verbraucher haben die M\u00f6glichkeit, Beschwerden an die Online-Streitbeilegungsplattform der EU zu [&hellip;]","og_url":"https:\/\/lawiwa.com\/en\/x_impressum-en\/","og_site_name":"Lawiwa","article_modified_time":"2025-07-14T09:11:01+00:00","twitter_card":"summary_large_image","twitter_misc":{"Est. reading time":"1 minute"},"schema":{"@context":"https:\/\/schema.org","@graph":[{"@type":"WebPage","@id":"https:\/\/lawiwa.com\/en\/x_impressum-en\/","url":"https:\/\/lawiwa.com\/en\/x_impressum-en\/","name":"Impressum - Lawiwa","isPartOf":{"@id":"https:\/\/lawiwa.com\/en\/#website"},"datePublished":"2021-03-24T16:06:40+00:00","dateModified":"2025-07-14T09:11:01+00:00","breadcrumb":{"@id":"https:\/\/lawiwa.com\/en\/x_impressum-en\/#breadcrumb"},"inLanguage":"en-US","potentialAction":[{"@type":"ReadAction","target":["https:\/\/lawiwa.com\/en\/x_impressum-en\/"]}]},{"@type":"BreadcrumbList","@id":"https:\/\/lawiwa.com\/en\/x_impressum-en\/#breadcrumb","itemListElement":[{"@type":"ListItem","position":1,"name":"Startseite","item":"https:\/\/lawiwa.com\/en\/home\/"},{"@type":"ListItem","position":2,"name":"x_Impressum EN"}]},{"@type":"WebSite","@id":"https:\/\/lawiwa.com\/en\/#website","url":"https:\/\/lawiwa.com\/en\/","name":"Lawiwa","description":"Wir verbinden Landwirtschaft und Wasser","publisher":{"@id":"https:\/\/lawiwa.com\/en\/#organization"},"potentialAction":[{"@type":"SearchAction","target":{"@type":"EntryPoint","urlTemplate":"https:\/\/lawiwa.com\/en\/?s={search_term_string}"},"query-input":"required name=search_term_string"}],"inLanguage":"en-US"},{"@type":"Organization","@id":"https:\/\/lawiwa.com\/en\/#organization","name":"Lawiwa","url":"https:\/\/lawiwa.com\/en\/","logo":{"@type":"ImageObject","inLanguage":"en-US","@id":"https:\/\/lawiwa.com\/en\/#\/schema\/logo\/image\/","url":"https:\/\/lawiwa.com\/wp-content\/uploads\/2021\/02\/cropped-Logo-Lawiwa.png","contentUrl":"https:\/\/lawiwa.com\/wp-content\/uploads\/2021\/02\/cropped-Logo-Lawiwa.png","width":800,"height":351,"caption":"Lawiwa"},"image":{"@id":"https:\/\/lawiwa.com\/en\/#\/schema\/logo\/image\/"}}]}},"_links":{"self":[{"href":"https:\/\/lawiwa.com\/en\/wp-json\/wp\/v2\/pages\/763"}],"collection":[{"href":"https:\/\/lawiwa.com\/en\/wp-json\/wp\/v2\/pages"}],"about":[{"href":"https:\/\/lawiwa.com\/en\/wp-json\/wp\/v2\/types\/page"}],"author":[{"embeddable":true,"href":"https:\/\/lawiwa.com\/en\/wp-json\/wp\/v2\/users\/1"}],"replies":[{"embeddable":true,"href":"https:\/\/lawiwa.com\/en\/wp-json\/wp\/v2\/comments?post=763"}],"version-history":[{"count":3,"href":"https:\/\/lawiwa.com\/en\/wp-json\/wp\/v2\/pages\/763\/revisions"}],"predecessor-version":[{"id":940,"href":"https:\/\/lawiwa.com\/en\/wp-json\/wp\/v2\/pages\/763\/revisions\/940"}],"wp:attachment":[{"href":"https:\/\/lawiwa.com\/en\/wp-json\/wp\/v2\/media?parent=763"}],"curies":[{"name":"wp","href":"https:\/\/api.w.org\/{rel}","templated":true}]}}