{"id":761,"date":"2021-03-24T17:05:48","date_gmt":"2021-03-24T16:05:48","guid":{"rendered":"https:\/\/lawiwa.com\/x_datenschutz-en\/"},"modified":"2021-03-24T17:10:37","modified_gmt":"2021-03-24T16:10:37","slug":"x_datenschutz-en","status":"publish","type":"page","link":"https:\/\/lawiwa.com\/en\/x_datenschutz-en\/","title":{"rendered":"x_Datenschutz EN"},"content":{"rendered":"\t\t<div data-elementor-type=\"wp-page\" data-elementor-id=\"761\" class=\"elementor elementor-761 elementor-529\" data-elementor-post-type=\"page\">\n\t\t\t\t\t\t<section class=\"elementor-section elementor-top-section elementor-element elementor-element-a172b84 elementor-section-boxed elementor-section-height-default elementor-section-height-default\" data-id=\"a172b84\" data-element_type=\"section\" data-settings=\"{&quot;background_background&quot;:&quot;classic&quot;}\">\n\t\t\t\t\t\t\t<div class=\"elementor-background-overlay\"><\/div>\n\t\t\t\t\t\t\t<div class=\"elementor-container elementor-column-gap-default\">\n\t\t\t\t\t<div class=\"elementor-column elementor-col-100 elementor-top-column elementor-element elementor-element-0153f1b\" data-id=\"0153f1b\" data-element_type=\"column\">\n\t\t\t<div class=\"elementor-widget-wrap elementor-element-populated\">\n\t\t\t\t\t\t<div class=\"elementor-element elementor-element-a34da1c elementor-widget elementor-widget-heading\" data-id=\"a34da1c\" data-element_type=\"widget\" data-widget_type=\"heading.default\">\n\t\t\t\t<div class=\"elementor-widget-container\">\n\t\t\t<h2 class=\"elementor-heading-title elementor-size-default\">Privacy policy<\/h2>\t\t<\/div>\n\t\t\t\t<\/div>\n\t\t\t\t\t<\/div>\n\t\t<\/div>\n\t\t\t\t\t<\/div>\n\t\t<\/section>\n\t\t\t\t<section class=\"elementor-section elementor-top-section elementor-element elementor-element-d703d61 elementor-section-boxed elementor-section-height-default elementor-section-height-default\" data-id=\"d703d61\" data-element_type=\"section\">\n\t\t\t\t\t\t<div class=\"elementor-container elementor-column-gap-default\">\n\t\t\t\t\t<div class=\"elementor-column elementor-col-100 elementor-top-column elementor-element elementor-element-5b7290c\" data-id=\"5b7290c\" data-element_type=\"column\">\n\t\t\t<div class=\"elementor-widget-wrap elementor-element-populated\">\n\t\t\t\t\t\t<div class=\"elementor-element elementor-element-75bff1f elementor-widget elementor-widget-text-editor\" data-id=\"75bff1f\" data-element_type=\"widget\" data-widget_type=\"text-editor.default\">\n\t\t\t\t<div class=\"elementor-widget-container\">\n\t\t\t\t\t\t\t<p>Lawiwa<\/p>\n<p>Letzte Aktualisierung: Feber 2021<\/p>\n<p>1. Information \u00fcber die Erhebung personenbezogener Daten<br \/>\n(1) Im Folgenden informieren wir \u00fcber die Erhebung personenbezogener Daten bei Nutzung unserer Website. Personenbezogene Daten sind alle Daten, die auf Sie pers\u00f6nlich beziehbar sind, z. B. Name, Adresse, E-Mail-Adressen, Nutzerverhalten.<br \/>\n(2) Mit der Nutzung dieser Website stimmen Sie den nachfolgenden Bestimmungen der Datenschutzerkl\u00e4rung zu. Sie k\u00f6nnen Ihre Zustimmung zu dieser Datenschutzerkl\u00e4rung oder zu einzelnen Punkten jederzeit widerrufen, indem Sie uns kontaktieren. Diese Datenschutzerkl\u00e4rung kann von Zeit zu Zeit ge\u00e4ndert bzw. aktualisiert werden. Wenn \u00c4nderungen vorgenommen werden, k\u00f6nnen Sie das anhand des ge\u00e4nderten Datums unter \u201eLetzte Aktualisierung\u201c am Beginn der Datenschutzerkl\u00e4rung erkennen. Wenn Sie auch nach den von uns vorgenommenen \u00c4nderungen mit uns interagieren, gilt dies als Einverst\u00e4ndnis mit den \u00c4nderungen. Sie sollten diese Daten-schutzerkl\u00e4rung daher regelm\u00e4\u00dfig auf ihre Aktualit\u00e4t \u00fcberpr\u00fcfen.<br \/>\n(3) Verantwortlicher gem. Art. 4 Abs. 7 DSGVO ist Magdalena Pirker, Dellach 59, 9063 Maria Saal, \u00d6sterreich, office@lawiwa.at<br \/>\n(4) Diese Webseite kann Links zu Websites, Onlineanwendungen oder mobile Plattformen anderer Anbieter enthalten, auf die sich diese Datenschutzerkl\u00e4rung nicht erstreckt. Soweit mit der Nutzung der Websites anderer Anbieter bzw. \u00fcber den Aufruf anderer Websites \u00fcber einen Link die Erhebung, Verarbeitung oder Nutzung personenbezogener Daten verbunden ist, beachten Sie bitte die Datenschutzhinweise des jeweiligen Anbieters, f\u00fcr deren Inhalte wir keinerlei Verantwortung oder Haftung \u00fcbernimmt.<br \/>\n(5) Bei Ihrer Kontaktaufnahme mit uns per E-Mail oder \u00fcber ein Kontaktformular werden die von Ihnen mitgeteilten Daten (z.B. Ihre E-Mail-Adresse, Ihr Name und Ihre Telefonnummer) von uns gespeichert, um Ihre Fragen zu beantworten. Die in diesem Zusammenhang anfallenden Daten l\u00f6schen wir, nachdem die Speicherung nicht mehr erforderlich ist, oder schr\u00e4nken die Verarbeitung ein, falls gesetzliche Aufbewahrungspflichten bestehen.<\/p>\n<p>2. Offenlegung der Daten und \u00dcbermittlung<br \/>\n(1) Die von Ihnen bereitgestellten personenbezogenen Daten werden ausschlie\u00dflich zu den gesetzlich zul\u00e4ssigen Zwecken und unter Einhaltung der einschl\u00e4gigen datenschutzrechtlichen Bestimmungen erhoben, verarbeitet und genutzt. Dies bedeutet, Ihre personenbezogenen Daten werden nur bei Vorliegen einer gesetzlichen Erlaubnis verarbeitet, d.h. insbesondere, wenn die Datenverarbeitung zur Erbringung unserer vertraglichen Leistungen bzw. zur Vertragsabwicklung erforderlich ist oder Ihre Einwilligung dazu vorliegt oder zur Wahrung unserer berechtigten Interessen (z.B. Interesse der Optimierung der Sicherheit unseres Onlineangebotes) oder zur Erf\u00fcllung unserer gesetzlichen Verpflichtungen.<br \/>\n(2) Wir verarbeiten ihre Daten insbesondere zum Zwecke Ihrer Betreuung als potentieller oder bestehender Kunde, zur Vertragserf\u00fcllung bzw. zur Durchf\u00fchrung vorvertraglicher Ma\u00dfnahmen sowie f\u00fcr eigene Werbezwecke (beispielsweise zur Zusendung von Angeboten oder Werbeprospekten).<br \/>\n(3) Eine Weiterleitung dieser Daten an Dritte erfolgt nur im Rahmen der geltenden gesetzlichen Bestimmungen. Eine Weiterleitung der Daten an Dritte (etwa an externe Dienstleister) erfolgt insbesondere dazu, als dies zur Vertragserf\u00fcllung bzw. Vertragsabwicklung erforderlich ist.<br \/>\nDar\u00fcber hinaus findet eine Weiterleitung der Daten an Dritte statt, wenn dies zur Vollziehung geltenden Rechts zwingend notwendig ist, etwa wenn wir durch eine beh\u00f6rdliche Anordnung dazu aufgefordert werden oder ein Rechtsverfahren dies erfordert (gerichtliches Verfahren einschlie\u00dflich Strafverfahren).<\/p>\n<p>3. Datenaufbewahrung, Datenzugriff und Datensicherheit<br \/>\n(1) Die Daten werden \u00fcber die Beendigung der Gesch\u00e4ftsbeziehung hinaus bis zum Ablauf der f\u00fcr uns geltenden Garantie-, Gew\u00e4hrleistungs-, Verj\u00e4hrungs- und gesetzlichen Aufbewahrungsfristen gespeichert und aufbewahrt; dar\u00fcber hinaus bis zur Beendigung von allf\u00e4lligen Rechtsstreitigkeiten, bei denen die Daten als Beweis ben\u00f6tigt werden.<br \/>\n(2) Zugriff auf die bekannt gegebenen Daten haben die jeweils mit der Abwicklung und dem Prozess befassten Personen unseres Unternehmens.<br \/>\n(3) Die Daten werden vor unberechtigten Zugriff durch verschl\u00fcsselte \u00dcbertragung, verschl\u00fcsselte Speicherung, ein Rollenberechtigungskonzept, ein Datensicherungskonzept und physische Schutzma\u00dfnahmen f\u00fcr die Server gesch\u00fctzt. Die Sicherungsma\u00dfnahmen werden entsprechend der technologischen Entwicklung fortlaufend \u00fcberarbeitet.<br \/>\n(4) Falls wir f\u00fcr einzelne Funktionen unseres Angebots auf beauftragte Dienstleister zur\u00fcckgreifen, werden wir Sie tieferstehend im Detail \u00fcber die jeweiligen Vorg\u00e4nge informieren.<\/p>\n<p>4. Ihre Rechte<br \/>\n(1) Sie haben gegen\u00fcber uns folgende Rechte hinsichtlich der Sie betreffenden personenbezogenen Daten:<br \/>\n\u2013 Recht auf Auskunft,<br \/>\n\u2013 Recht auf Berichtigung oder L\u00f6schung,<br \/>\n\u2013 Recht auf Einschr\u00e4nkung der Verarbeitung,<br \/>\n\u2013 Recht auf Widerspruch gegen die Verarbeitung,<br \/>\n\u2013 Recht auf Daten\u00fcbertragbarkeit.<br \/>\n(2) Sie haben zudem das Recht, sich bei der Datenschutzbeh\u00f6rde \u00fcber die Verarbeitung Ihrer personenbezogenen Daten durch uns zu beschweren.<\/p>\n<p>5. Erhebung personenbezogener Daten bei Besuch unserer Website<br \/>\n(1) Bei der blo\u00df informatorischen Nutzung der Website, also wenn Sie sich nicht registrieren oder uns anderweitig Informationen \u00fcbermitteln, erheben wir nur die personenbezogenen Daten, die Ihr Browser an unseren Server \u00fcbermittelt. Wenn Sie unsere Website betrachten m\u00f6chten, erheben wir die folgenden Daten, die f\u00fcr uns technisch erforderlich sind, um Ihnen unsere Website anzuzeigen und die Stabilit\u00e4t und Sicherheit zu gew\u00e4hrleisten (Rechtsgrundlage ist Art. 6 Abs. 1 S. 1 lit. f DSGVO):<br \/>\n\u2013 IP-Adresse<br \/>\n\u2013 Datum und Uhrzeit der Anfrage<br \/>\n\u2013 Zeitzonendifferenz zur Greenwich Mean Time (GMT)<br \/>\n\u2013 Inhalt der Anforderung (konkrete Seite)<br \/>\n\u2013 Zugriffsstatus\/HTTP-Statuscode<br \/>\n\u2013 jeweils \u00fcbertragene Datenmenge<br \/>\n\u2013 Website, von der die Anforderung kommt<br \/>\n\u2013 Browser<br \/>\n\u2013 Betriebssystem und dessen Oberfl\u00e4che<br \/>\n\u2013 Sprache und Version der Browsersoftware.<br \/>\n(2) Einsatz von Cookies:<br \/>\nZus\u00e4tzlich zu den zuvor genannten Daten werden bei Ihrer Nutzung unserer Website Cookies auf Ihrem Rechner gespeichert. Bei Cookies handelt es sich um kleine Textdateien, die auf Ihrer Festplatte dem von Ihnen verwendeten Browser zugeordnet gespeichert werden und durch welche der Stelle, die den Cookie setzt (hier durch uns), bestimmte Informationen zuflie\u00dfen. Cookies k\u00f6nnen keine Programme ausf\u00fchren oder Viren auf Ihren Computer \u00fcbertragen. Sie dienen dazu, das Internetangebot insgesamt nutzerfreundlicher und effektiver zu machen.<br \/>\nDiese Website nutzt folgende Arten von Cookies, deren Umfang und Funktionsweise im Folgenden erl\u00e4utert werden:<br \/>\n\u2013 Transiente Cookies (dazu a)<br \/>\n\u2013 Persistente Cookies (dazu b).<br \/>\na) Transiente Cookies werden automatisiert gel\u00f6scht, wenn der Browser geschlossen wird. Dazu z\u00e4hlen insbesondere die Session-Cookies. Diese speichern eine sogenannte Session-ID, mit welcher sich verschiedene Anfragen des Browsers der gemeinsamen Sitzung zuordnen lassen. Dadurch kann der Rechner des Nutzers wiedererkannt werden, wenn der Nutzer auf die Website zur\u00fcckkehrt. Die Session-Cookies werden gel\u00f6scht, wenn der Nutzer sich ausloggt oder den Browser schlie\u00dft.<br \/>\nb) Persistente Cookies werden automatisiert nach einer vorgegebenen Dauer gel\u00f6scht, die sich je nach Cookie unterscheiden kann. Jeder Nutzer kann die Cookies in den Sicherheitseinstellungen seines Browsers jederzeit l\u00f6schen.<br \/>\nWeiterhin nutzen wir HTML5 storage objects, die auf dem Endger\u00e4t des Nutzers abgelegt werden. Diese Objekte speichern die erforderlichen Daten unabh\u00e4ngig vom verwendeten Browser und haben kein automatisches Ablaufdatum. Die Nutzung von HTML5 storage objects kann verhindert werden, indem der Nutzer in seinem Browser den privaten Modus einsetzt. Zudem empfehlen wir jedem Nutzer, regelm\u00e4\u00dfig die Cookies und den Browser-Verlauf manuell zu l\u00f6schen.<br \/>\nSie k\u00f6nnen Ihre Browser-Einstellung entsprechend Ihren W\u00fcnschen konfigurieren und z. B. die Annahme von Third-Party-Cookies oder allen Cookies ablehnen. Wir weisen Sie darauf hin, dass Sie eventuell nicht alle Funktionen dieser Website nutzen k\u00f6nnen.<br \/>\n(3)Verwendung von Webfonts<br \/>\nAuf diesen Internetseiten werden externe Schriften, Google Fonts verwendet. Google Fonts ist ein Dienst der Google Inc. (\u201eGoogle\u201c). Die Einbindung dieser Web Fonts erfolgt durch einen Serveraufruf, in der Regel ein Server von Google in den USA. Hierdurch wird an den Server \u00fcbermittelt, welche unserer Internetseiten Sie besucht haben. Auch wird die IP-Adresse des Browsers des Endger\u00e4tes des Besuchers dieser Internetseiten von Google gespeichert. N\u00e4here Informationen finden Sie in den Datenschutzhinweisen von Google, die Sie hier abrufen k\u00f6nnen:<br \/>\nwww.google.com\/fonts#AboutPlace:about<br \/>\nwww.google.com\/policies\/privacy\/<\/p>\n<p>6. Einsatz von Google Analytics &amp; Co<br \/>\n(1) Diese Website benutzt Google Analytics, einen Webanalysedienst der Google Inc. (\u201eGoogle\u201c). Google Analytics verwendet sog. \u201eCookies\u201c, Textdateien, die auf Ihrem Computer gespeichert werden und die eine Analyse der Benutzung der Website durch Sie erm\u00f6glichen. Die durch den Cookie erzeugten Informationen \u00fcber Ihre Benutzung dieser Website werden in der Regel an einen Server von Google in den USA \u00fcbertragen und dort gespeichert. Im Falle der Aktivierung der IP-Anonymisierung auf dieser Website, wird Ihre IP-Adresse von Google jedoch innerhalb von Mitgliedstaaten der Europ\u00e4ischen Union oder in anderen Vertragsstaaten des Abkommens \u00fcber den Europ\u00e4ischen Wirtschaftsraum zuvor gek\u00fcrzt. Nur in Ausnahmef\u00e4llen wird die volle IP-Adresse an einen Server von Google in den USA \u00fcbertragen und dort gek\u00fcrzt. Im Auftrag des Betreibers dieser Website wird Google diese Informationen benutzen, um Ihre Nutzung der Website auszuwerten, um Reports \u00fcber die Website-Aktivit\u00e4ten zusammenzustellen und um weitere mit der Website-Nutzung und der Internetnutzung verbundene Dienstleistungen gegen\u00fcber dem Website-Betreiber zu erbringen.<br \/>\n(2) Die im Rahmen von Google Analytics von Ihrem Browser \u00fcbermittelte IP-Adresse wird nicht mit anderen Daten von Google zusammengef\u00fchrt.<br \/>\n(3) Sie k\u00f6nnen die Speicherung der Cookies durch eine entsprechende Einstellung Ihrer Browser-Software verhindern; wir weisen Sie jedoch darauf hin, dass Sie in diesem Fall gegebenenfalls nicht s\u00e4mtliche Funktionen dieser Website vollumf\u00e4nglich werden nutzen k\u00f6nnen. Sie k\u00f6nnen dar\u00fcber hinaus die Erfassung der durch das Cookie erzeugten und auf Ihre Nutzung der Website bezogenen Daten (inkl. Ihrer IP-Adresse) an Google sowie die Verarbeitung dieser Daten durch Google verhindern, indem sie das unter dem folgenden Link verf\u00fcgbare Browser-Plug-in herunterladen und installieren: http:\/\/tools.google.com\/dlpage\/gaoptout?hl=de.<br \/>\n(4) Diese Website verwendet Google Analytics mit der Erweiterung \u201e_anonymizeIp()\u201c. Dadurch werden IP-Adressen gek\u00fcrzt weiterverarbeitet, eine Personenbeziehbarkeit kann damit ausgeschlossen werden. Soweit den \u00fcber Sie erhobenen Daten ein Personenbezug zukommt, wird dieser also sofort ausgeschlossen und die personenbezogenen Daten damit umgehend gel\u00f6scht.<br \/>\n(5) Wir nutzen Google Analytics, um die Nutzung unserer Website analysieren und regelm\u00e4\u00dfig verbessern zu k\u00f6nnen. \u00dcber die gewonnenen Statistiken k\u00f6nnen wir unser Angebot verbessern und f\u00fcr Sie als Nutzer interessanter ausgestalten. F\u00fcr die Ausnahmef\u00e4lle, in denen personenbezogene Daten in die USA \u00fcbertragen werden, hat sich Google dem EU-US Privacy Shield unterworfen, https:\/\/www.privacyshield.gov\/EU-US-Framework. Rechtsgrundlage f\u00fcr die Nutzung von Google Analytics ist Art. 6 Abs. 1 S. 1 lit. f DSGVO.<br \/>\n(6) Informationen des Drittanbieters: Google Dublin, Google Ireland Ltd., Gordon House, Barrow Street, Dublin 4, Ireland, Fax: +353 (1) 436 1001. Nutzerbedingungen: http:\/\/www.google.com\/analytics\/terms\/de.html, \u00dcbersicht zum Datenschutz: http:\/\/www.google.com\/intl\/de\/analytics\/learn\/privacy.html, sowie die Datenschutzerkl\u00e4rung: http:\/\/www.google.de\/intl\/de\/policies\/privacy.<\/p>\n\t\t\t\t\t\t<\/div>\n\t\t\t\t<\/div>\n\t\t\t\t\t<\/div>\n\t\t<\/div>\n\t\t\t\t\t<\/div>\n\t\t<\/section>\n\t\t\t\t<\/div>\n\t\t","protected":false},"excerpt":{"rendered":"<p>Privacy policy Lawiwa Letzte Aktualisierung: Feber 2021 1. Information \u00fcber die Erhebung personenbezogener Daten (1) Im Folgenden informieren wir \u00fcber die Erhebung personenbezogener Daten bei Nutzung unserer Website. Personenbezogene Daten sind alle Daten, die auf Sie pers\u00f6nlich beziehbar sind, z. B. Name, Adresse, E-Mail-Adressen, Nutzerverhalten. (2) Mit der Nutzung dieser Website stimmen Sie den nachfolgenden [&hellip;]<\/p>\n","protected":false},"author":1,"featured_media":0,"parent":0,"menu_order":0,"comment_status":"closed","ping_status":"closed","template":"elementor_header_footer","meta":{"footnotes":""},"yoast_head":"<!-- This site is optimized with the Yoast SEO plugin v22.4 - https:\/\/yoast.com\/wordpress\/plugins\/seo\/ -->\n<title>Privacy Policy - Lawiwa<\/title>\n<meta name=\"robots\" content=\"noindex, follow\" \/>\n<meta property=\"og:locale\" content=\"en_US\" \/>\n<meta property=\"og:type\" content=\"article\" \/>\n<meta property=\"og:title\" content=\"Privacy Policy - Lawiwa\" \/>\n<meta property=\"og:description\" content=\"Privacy policy Lawiwa Letzte Aktualisierung: Feber 2021 1. Information \u00fcber die Erhebung personenbezogener Daten (1) Im Folgenden informieren wir \u00fcber die Erhebung personenbezogener Daten bei Nutzung unserer Website. Personenbezogene Daten sind alle Daten, die auf Sie pers\u00f6nlich beziehbar sind, z. B. Name, Adresse, E-Mail-Adressen, Nutzerverhalten. (2) Mit der Nutzung dieser Website stimmen Sie den nachfolgenden [&hellip;]\" \/>\n<meta property=\"og:url\" content=\"https:\/\/lawiwa.com\/en\/x_datenschutz-en\/\" \/>\n<meta property=\"og:site_name\" content=\"Lawiwa\" \/>\n<meta property=\"article:modified_time\" content=\"2021-03-24T16:10:37+00:00\" \/>\n<meta name=\"twitter:card\" content=\"summary_large_image\" \/>\n<meta name=\"twitter:label1\" content=\"Est. reading time\" \/>\n\t<meta name=\"twitter:data1\" content=\"8 minutes\" \/>\n<script type=\"application\/ld+json\" class=\"yoast-schema-graph\">{\"@context\":\"https:\/\/schema.org\",\"@graph\":[{\"@type\":\"WebPage\",\"@id\":\"https:\/\/lawiwa.com\/en\/x_datenschutz-en\/\",\"url\":\"https:\/\/lawiwa.com\/en\/x_datenschutz-en\/\",\"name\":\"Privacy Policy - Lawiwa\",\"isPartOf\":{\"@id\":\"https:\/\/lawiwa.com\/en\/#website\"},\"datePublished\":\"2021-03-24T16:05:48+00:00\",\"dateModified\":\"2021-03-24T16:10:37+00:00\",\"breadcrumb\":{\"@id\":\"https:\/\/lawiwa.com\/en\/x_datenschutz-en\/#breadcrumb\"},\"inLanguage\":\"en-US\",\"potentialAction\":[{\"@type\":\"ReadAction\",\"target\":[\"https:\/\/lawiwa.com\/en\/x_datenschutz-en\/\"]}]},{\"@type\":\"BreadcrumbList\",\"@id\":\"https:\/\/lawiwa.com\/en\/x_datenschutz-en\/#breadcrumb\",\"itemListElement\":[{\"@type\":\"ListItem\",\"position\":1,\"name\":\"Startseite\",\"item\":\"https:\/\/lawiwa.com\/en\/home\/\"},{\"@type\":\"ListItem\",\"position\":2,\"name\":\"x_Datenschutz EN\"}]},{\"@type\":\"WebSite\",\"@id\":\"https:\/\/lawiwa.com\/en\/#website\",\"url\":\"https:\/\/lawiwa.com\/en\/\",\"name\":\"Lawiwa\",\"description\":\"Wir verbinden Landwirtschaft und Wasser\",\"publisher\":{\"@id\":\"https:\/\/lawiwa.com\/en\/#organization\"},\"potentialAction\":[{\"@type\":\"SearchAction\",\"target\":{\"@type\":\"EntryPoint\",\"urlTemplate\":\"https:\/\/lawiwa.com\/en\/?s={search_term_string}\"},\"query-input\":\"required name=search_term_string\"}],\"inLanguage\":\"en-US\"},{\"@type\":\"Organization\",\"@id\":\"https:\/\/lawiwa.com\/en\/#organization\",\"name\":\"Lawiwa\",\"url\":\"https:\/\/lawiwa.com\/en\/\",\"logo\":{\"@type\":\"ImageObject\",\"inLanguage\":\"en-US\",\"@id\":\"https:\/\/lawiwa.com\/en\/#\/schema\/logo\/image\/\",\"url\":\"https:\/\/lawiwa.com\/wp-content\/uploads\/2021\/02\/cropped-Logo-Lawiwa.png\",\"contentUrl\":\"https:\/\/lawiwa.com\/wp-content\/uploads\/2021\/02\/cropped-Logo-Lawiwa.png\",\"width\":800,\"height\":351,\"caption\":\"Lawiwa\"},\"image\":{\"@id\":\"https:\/\/lawiwa.com\/en\/#\/schema\/logo\/image\/\"}}]}<\/script>\n<!-- \/ Yoast SEO plugin. -->","yoast_head_json":{"title":"Privacy Policy - Lawiwa","robots":{"index":"noindex","follow":"follow"},"og_locale":"en_US","og_type":"article","og_title":"Privacy Policy - Lawiwa","og_description":"Privacy policy Lawiwa Letzte Aktualisierung: Feber 2021 1. Information \u00fcber die Erhebung personenbezogener Daten (1) Im Folgenden informieren wir \u00fcber die Erhebung personenbezogener Daten bei Nutzung unserer Website. Personenbezogene Daten sind alle Daten, die auf Sie pers\u00f6nlich beziehbar sind, z. B. Name, Adresse, E-Mail-Adressen, Nutzerverhalten. (2) Mit der Nutzung dieser Website stimmen Sie den nachfolgenden [&hellip;]","og_url":"https:\/\/lawiwa.com\/en\/x_datenschutz-en\/","og_site_name":"Lawiwa","article_modified_time":"2021-03-24T16:10:37+00:00","twitter_card":"summary_large_image","twitter_misc":{"Est. reading time":"8 minutes"},"schema":{"@context":"https:\/\/schema.org","@graph":[{"@type":"WebPage","@id":"https:\/\/lawiwa.com\/en\/x_datenschutz-en\/","url":"https:\/\/lawiwa.com\/en\/x_datenschutz-en\/","name":"Privacy Policy - Lawiwa","isPartOf":{"@id":"https:\/\/lawiwa.com\/en\/#website"},"datePublished":"2021-03-24T16:05:48+00:00","dateModified":"2021-03-24T16:10:37+00:00","breadcrumb":{"@id":"https:\/\/lawiwa.com\/en\/x_datenschutz-en\/#breadcrumb"},"inLanguage":"en-US","potentialAction":[{"@type":"ReadAction","target":["https:\/\/lawiwa.com\/en\/x_datenschutz-en\/"]}]},{"@type":"BreadcrumbList","@id":"https:\/\/lawiwa.com\/en\/x_datenschutz-en\/#breadcrumb","itemListElement":[{"@type":"ListItem","position":1,"name":"Startseite","item":"https:\/\/lawiwa.com\/en\/home\/"},{"@type":"ListItem","position":2,"name":"x_Datenschutz EN"}]},{"@type":"WebSite","@id":"https:\/\/lawiwa.com\/en\/#website","url":"https:\/\/lawiwa.com\/en\/","name":"Lawiwa","description":"Wir verbinden Landwirtschaft und Wasser","publisher":{"@id":"https:\/\/lawiwa.com\/en\/#organization"},"potentialAction":[{"@type":"SearchAction","target":{"@type":"EntryPoint","urlTemplate":"https:\/\/lawiwa.com\/en\/?s={search_term_string}"},"query-input":"required name=search_term_string"}],"inLanguage":"en-US"},{"@type":"Organization","@id":"https:\/\/lawiwa.com\/en\/#organization","name":"Lawiwa","url":"https:\/\/lawiwa.com\/en\/","logo":{"@type":"ImageObject","inLanguage":"en-US","@id":"https:\/\/lawiwa.com\/en\/#\/schema\/logo\/image\/","url":"https:\/\/lawiwa.com\/wp-content\/uploads\/2021\/02\/cropped-Logo-Lawiwa.png","contentUrl":"https:\/\/lawiwa.com\/wp-content\/uploads\/2021\/02\/cropped-Logo-Lawiwa.png","width":800,"height":351,"caption":"Lawiwa"},"image":{"@id":"https:\/\/lawiwa.com\/en\/#\/schema\/logo\/image\/"}}]}},"_links":{"self":[{"href":"https:\/\/lawiwa.com\/en\/wp-json\/wp\/v2\/pages\/761"}],"collection":[{"href":"https:\/\/lawiwa.com\/en\/wp-json\/wp\/v2\/pages"}],"about":[{"href":"https:\/\/lawiwa.com\/en\/wp-json\/wp\/v2\/types\/page"}],"author":[{"embeddable":true,"href":"https:\/\/lawiwa.com\/en\/wp-json\/wp\/v2\/users\/1"}],"replies":[{"embeddable":true,"href":"https:\/\/lawiwa.com\/en\/wp-json\/wp\/v2\/comments?post=761"}],"version-history":[{"count":2,"href":"https:\/\/lawiwa.com\/en\/wp-json\/wp\/v2\/pages\/761\/revisions"}],"predecessor-version":[{"id":782,"href":"https:\/\/lawiwa.com\/en\/wp-json\/wp\/v2\/pages\/761\/revisions\/782"}],"wp:attachment":[{"href":"https:\/\/lawiwa.com\/en\/wp-json\/wp\/v2\/media?parent=761"}],"curies":[{"name":"wp","href":"https:\/\/api.w.org\/{rel}","templated":true}]}}